{"id":7505,"date":"2024-08-11T09:14:38","date_gmt":"2024-08-11T09:14:38","guid":{"rendered":"https:\/\/wp.themepure.net\/acadia\/?page_id=7505"},"modified":"2025-11-02T23:06:44","modified_gmt":"2025-11-02T23:06:44","slug":"inscription","status":"publish","type":"page","link":"https:\/\/institutalkafaat.com\/index.php\/inscription\/","title":{"rendered":"Inscription"},"content":{"rendered":"\t\t<div data-elementor-type=\"wp-page\" data-elementor-id=\"7505\" class=\"elementor elementor-7505\" data-elementor-post-type=\"page\">\n\t\t\t\t<div class=\"elementor-element elementor-element-b35bce7 e-flex e-con-boxed e-con e-parent\" data-id=\"b35bce7\" data-element_type=\"container\">\n\t\t\t\t\t<div class=\"e-con-inner\">\n\t\t\t\t<div class=\"elementor-element elementor-element-28f2c54 elementor-widget elementor-widget-elementskit-contact-form7\" data-id=\"28f2c54\" data-element_type=\"widget\" data-widget_type=\"elementskit-contact-form7.default\">\n\t\t\t\t\t<div class=\"ekit-wid-con\" ><div class=\"ekit-form\">\n<div class=\"wpcf7 no-js\" id=\"wpcf7-f7511-o1\" lang=\"en-US\" dir=\"ltr\" data-wpcf7-id=\"7511\">\n<div class=\"screen-reader-response\"><p role=\"status\" aria-live=\"polite\" aria-atomic=\"true\"><\/p> <ul><\/ul><\/div>\n<form action=\"\/index.php\/wp-json\/wp\/v2\/pages\/7505#wpcf7-f7511-o1\" method=\"post\" class=\"wpcf7-form init\" aria-label=\"Contact form\" novalidate=\"novalidate\" data-status=\"init\">\n<fieldset class=\"hidden-fields-container\"><input type=\"hidden\" name=\"_wpcf7\" value=\"7511\" \/><input type=\"hidden\" name=\"_wpcf7_version\" value=\"6.1.2\" \/><input type=\"hidden\" name=\"_wpcf7_locale\" value=\"en_US\" \/><input type=\"hidden\" name=\"_wpcf7_unit_tag\" value=\"wpcf7-f7511-o1\" \/><input type=\"hidden\" name=\"_wpcf7_container_post\" value=\"0\" \/><input type=\"hidden\" name=\"_wpcf7_posted_data_hash\" value=\"\" \/>\n<\/fieldset>\n<div class=\"tp-contact-input-form\">\n   <div class=\"row\">\n      <div class=\"col-xl-6 col-lg-6\">\n         <div class=\"tp-contact-input schedule p-relative\">\n            <label>Nom & Pr\u00e9nom<\/label>\n            <span class=\"wpcf7-form-control-wrap\" data-name=\"name-509\"><input size=\"40\" maxlength=\"400\" class=\"wpcf7-form-control wpcf7-text\" aria-invalid=\"false\" value=\"\" type=\"text\" name=\"name-509\" \/><\/span>\n         <\/div>\n      <\/div>\n\n      <div class=\"col-xl-6 col-lg-6\">\n         <div class=\"tp-contact-input schedule p-relative\">\n            <label>T\u00e9l\u00e9phone<\/label>\n            <span class=\"wpcf7-form-control-wrap\" data-name=\"tel-359\"><input size=\"40\" maxlength=\"400\" class=\"wpcf7-form-control wpcf7-tel wpcf7-text wpcf7-validates-as-tel\" aria-invalid=\"false\" value=\"\" type=\"tel\" name=\"tel-359\" \/><\/span>\n         <\/div>\n      <\/div>\n\n      <div class=\"col-xl-6 col-lg-6\">\n         <div class=\"tp-contact-input schedule p-relative\">\n            <label>Email address<\/label>\n            <span class=\"wpcf7-form-control-wrap\" data-name=\"email-924\"><input size=\"40\" maxlength=\"400\" class=\"wpcf7-form-control wpcf7-email wpcf7-text wpcf7-validates-as-email\" aria-invalid=\"false\" value=\"\" type=\"email\" name=\"email-924\" \/><\/span>\n         <\/div>\n      <\/div>\n\n      <div class=\"col-xl-6 col-lg-6\">\n         <div class=\"tp-contact-input schedule p-relative\">\n            <label>Ville<\/label>\n            <span class=\"wpcf7-form-control-wrap\" data-name=\"ville-359\"><input size=\"40\" maxlength=\"400\" class=\"wpcf7-form-control wpcf7-text\" aria-invalid=\"false\" value=\"\" type=\"text\" name=\"ville-359\" \/><\/span>\n         <\/div>\n      <\/div>\n\n      <div class=\"col-xl-6 col-lg-6\">\n         <div class=\"tp-contact-input schedule p-relative\">\n            <label>Niveau d'\u00e9tude<\/label>\n            <span class=\"wpcf7-form-control-wrap\" data-name=\"niveau-359\"><input size=\"40\" maxlength=\"400\" class=\"wpcf7-form-control wpcf7-text\" aria-invalid=\"false\" value=\"\" type=\"text\" name=\"niveau-359\" \/><\/span>\n         <\/div>\n      <\/div>\n\n       <div class=\"col-xl-6 col-lg-6\">\n         <div class=\" p-relative\">\n            <label>Dipl\u00f4me souhait\u00e9<\/label>\n             <span class=\"wpcf7-form-control-wrap\" data-name=\"Diplome\"><select class=\"wpcf7-form-control wpcf7-select\" aria-invalid=\"false\" name=\"Diplome\"><option value=\"\"><\/option><option value=\"Master Sp\u00e9cialis\u00e9 Management International et Logistique\">Master Sp\u00e9cialis\u00e9 Management International et Logistique<\/option><option value=\"Master Sp\u00e9cialis\u00e9 Management Ressources Humaines\">Master Sp\u00e9cialis\u00e9 Management Ressources Humaines<\/option><option value=\"Master Sp\u00e9cialis\u00e9 Management QHSE en Industrie et Service\">Master Sp\u00e9cialis\u00e9 Management QHSE en Industrie et Service<\/option><option value=\"\"><\/option><option value=\"Licence Professionnelle G\u00e9nie Industriel\">Licence Professionnelle G\u00e9nie Industriel<\/option><option value=\"Licence Professionnelle Qualit\u00e9 Hygi\u00e8ne S\u00e9curit\u00e9 et Environnement\">Licence Professionnelle Qualit\u00e9 Hygi\u00e8ne S\u00e9curit\u00e9 et Environnement<\/option><option value=\"Licence Professionnelle Responsable Unit\u00e9 Op\u00e9rationnelle Logistique\">Licence Professionnelle Responsable Unit\u00e9 Op\u00e9rationnelle Logistique<\/option><option value=\"Licence Professionnelle Gestion Ressources Humaines\">Licence Professionnelle Gestion Ressources Humaines<\/option><option value=\"Licence Professionnelle Responsable Data Science pour Gestion Entreprise\">Licence Professionnelle Responsable Data Science pour Gestion Entreprise<\/option><option value=\"\"><\/option><option value=\"Technicien Sp\u00e9cialis\u00e9 Gestion Qualit\u00e9\">Technicien Sp\u00e9cialis\u00e9 Gestion Qualit\u00e9<\/option><option value=\"Technicien Sp\u00e9cialis\u00e9 Financier Comptable\">Technicien Sp\u00e9cialis\u00e9 Financier Comptable<\/option><option value=\"Technicien en Exploitation Transport et Logistique\">Technicien en Exploitation Transport et Logistique<\/option><option value=\"Technicien Assistant en Gestion Administrative et Comptable\">Technicien Assistant en Gestion Administrative et Comptable<\/option><\/select><\/span>\n         <\/div>\n      <\/div>\n      <div class=\"col-xl-12\">\n         <div class=\"tp-contact-input schedule p-relative\">\n            <label>Message<\/label>\n            <span class=\"wpcf7-form-control-wrap\" data-name=\"Message-112\"><textarea cols=\"40\" rows=\"10\" maxlength=\"2000\" class=\"wpcf7-form-control wpcf7-textarea\" aria-invalid=\"false\" name=\"Message-112\"><\/textarea><\/span>\n         <\/div>\n      <\/div>\n\n      <div class=\"tp-schedule-btn\">\n <button type=\"submit\" class=\"tp-btn\">Envoyer<span><svg xmlns=\"http:\/\/www.w3.org\/2000\/svg\" width=\"7\" height=\"12\" viewBox=\"0 0 7 12\" fill=\"none\">\n                                       <path d=\"M1 11L6 6L1 1\" stroke=\"#FEFEFE\" stroke-width=\"2\" stroke-linecap=\"round\" stroke-linejoin=\"round\"><\/path>\n                                     <\/svg><\/span><\/button>\n      <\/div>\n   <\/div>\n<\/div><div class=\"wpcf7-response-output\" aria-hidden=\"true\"><\/div>\n<\/form>\n<\/div>\n<\/div><\/div>\t\t\t\t<\/div>\n\t\t\t\t\t<\/div>\n\t\t\t\t<\/div>\n\t\t\t\t<\/div>\n\t\t\n    <div class=\"xs_social_share_widget xs_share_url after_content \t\tmain_content  wslu-style-1 wslu-share-box-shaped wslu-fill-colored wslu-none wslu-share-horizontal wslu-theme-font-no wslu-main_content\">\n\n\t\t\n        <ul>\n\t\t\t        <\/ul>\n    <\/div> \n","protected":false},"excerpt":{"rendered":"<p>Nom &#038; Pr\u00e9nom T\u00e9l\u00e9phone Email address Ville Niveau d&#8217;\u00e9tude Dipl\u00f4me souhait\u00e9 Master Sp\u00e9cialis\u00e9 Management International et LogistiqueMaster Sp\u00e9cialis\u00e9 Management Ressources [&hellip;]<\/p>\n","protected":false},"author":1,"featured_media":0,"parent":0,"menu_order":0,"comment_status":"closed","ping_status":"closed","template":"elementor_header_footer","meta":{"postBodyCss":"","postBodyMargin":[],"postBodyPadding":[],"postBodyBackground":{"backgroundType":"classic","gradient":""},"enableOnePageScrollInPage":false,"onePageScrollCss":"","onePageScrollSpeed":1000,"onePageScrollAnimation":"easeInOutQuad","onePageScrollShowDotNavigation":true,"onePageScrollNavigation":"scaleUp","onePageScrollNavigationPosition":"right","onePageScrollNavigationHorizontal":[],"onePageScrollNavigationVertical":[],"onePageScrollNavigationSpacing":[],"onePageScrollNavigationColor":"#00ff0d","onePageScrollNavigationColorHover":"#00ff0d","onePageScrollNavigationColorActive":"#00ff0d","onePageScrollNavigationIcon":[],"onePageScrollNavigationWidth":[],"onePageScrollNavigationWidthHover":[],"onePageScrollNavigationWidthActive":[],"onePageScrollNavigationHeight":[],"onePageScrollNavigationHeightHover":[],"onePageScrollNavigationHeightActive":[],"onePageScrollNavigationBorder":[],"onePageScrollNavigationBorderHover":[],"onePageScrollNavigationBorderActive":[],"onePageScrollNavigationBorderRadius":[],"onePageScrollNavigationBorderRadiusHover":[],"onePageScrollNavigationBorderRadiusActive":[],"onePageScrollNavigationTooltipTypography":[],"onePageScrollNavigationTooltipColor":"#ffffff","onePageScrollNavigationTooltipColorHover":"","onePageScrollNavigationTooltipBgColor":"#00ff0d","onePageScrollNavigationTooltipBgColorHover":"","onePageScrollNavigationTooltipPadding":[],"onePageScrollNavigationTooltipPaddingHover":[],"onePageScrollNavigationTooltipBorderRadius":[],"onePageScrollNavigationTooltipBorderRadiusHover":[],"pageSettingsCustomCss":"","footnotes":""},"class_list":["post-7505","page","type-page","status-publish","hentry"],"aioseo_notices":[],"_links":{"self":[{"href":"https:\/\/institutalkafaat.com\/index.php\/wp-json\/wp\/v2\/pages\/7505","targetHints":{"allow":["GET"]}}],"collection":[{"href":"https:\/\/institutalkafaat.com\/index.php\/wp-json\/wp\/v2\/pages"}],"about":[{"href":"https:\/\/institutalkafaat.com\/index.php\/wp-json\/wp\/v2\/types\/page"}],"author":[{"embeddable":true,"href":"https:\/\/institutalkafaat.com\/index.php\/wp-json\/wp\/v2\/users\/1"}],"replies":[{"embeddable":true,"href":"https:\/\/institutalkafaat.com\/index.php\/wp-json\/wp\/v2\/comments?post=7505"}],"version-history":[{"count":95,"href":"https:\/\/institutalkafaat.com\/index.php\/wp-json\/wp\/v2\/pages\/7505\/revisions"}],"predecessor-version":[{"id":17071,"href":"https:\/\/institutalkafaat.com\/index.php\/wp-json\/wp\/v2\/pages\/7505\/revisions\/17071"}],"wp:attachment":[{"href":"https:\/\/institutalkafaat.com\/index.php\/wp-json\/wp\/v2\/media?parent=7505"}],"curies":[{"name":"wp","href":"https:\/\/api.w.org\/{rel}","templated":true}]}}